{"id":3088,"date":"2018-06-29T15:24:14","date_gmt":"2018-06-29T13:24:14","guid":{"rendered":"https:\/\/www.votre-chateau-de-famille.com\/mentions-legales-votre-chateau-de-famille\/"},"modified":"2019-02-22T11:32:47","modified_gmt":"2019-02-22T10:32:47","slug":"mentions-legales-votre-chateau-de-famille","status":"publish","type":"page","link":"https:\/\/www.votre-chateau-de-famille.com\/en\/mentions-legales-votre-chateau-de-famille\/","title":{"rendered":"Legal notice Votre Chateau de Famille"},"content":{"rendered":"<div class=\"wpb-content-wrapper\"><p>[vc_row css_animation=&#8221;&#8221; row_type=&#8221;row&#8221; use_row_as_full_screen_section=&#8221;no&#8221; type=&#8221;grid&#8221; angled_section=&#8221;no&#8221; text_align=&#8221;left&#8221; background_image_as_pattern=&#8221;without_pattern&#8221; padding_top=&#8221;50&#8243; padding_bottom=&#8221;50&#8243; z_index=&#8221;&#8221;][vc_column][vc_column_text]Client : tout professionnel ou personne physique capable au sens des articles 1123 et suivants du Code civil, ou personne morale, qui visite le Site objet des pr\u00e9sentes conditions g\u00e9n\u00e9rales.<\/p>\n<p>Prestations et Services : http:\/\/www.votre-chateau-de-famille.com\/ met \u00e0 disposition des Clients :<\/p>\n<p>Contenu : Ensemble des \u00e9l\u00e9ments constituants l\u2019information pr\u00e9sente sur le Site, notamment textes \u2013 images \u2013 vid\u00e9os.<\/p>\n<p>Informations clients : Ci apr\u00e8s d\u00e9nomm\u00e9 \u00ab Information (s) \u00bb qui correspondent \u00e0 l\u2019ensemble des donn\u00e9es personnelles susceptibles d\u2019\u00eatre d\u00e9tenues par http:\/\/www.votre-chateau-de-famille.com\/ pour la gestion de votre compte, de la gestion de la relation client et \u00e0 des fins d\u2019analyses et de statistiques.<\/p>\n<p>Utilisateur : Internaute se connectant, utilisant le site susnomm\u00e9.<\/p>\n<p>Informations personnelles : \u00ab Les informations qui permettent, sous quelque forme que ce soit, directement ou non, l&#8217;identification des personnes physiques auxquelles elles s&#8217;appliquent \u00bb (article 4 de la loi n\u00b0 78-17 du 6 janvier 1978).<\/p>\n<p>Les termes \u00ab donn\u00e9es \u00e0 caract\u00e8re personnel \u00bb, \u00ab personne concern\u00e9e \u00bb, \u00ab sous traitant \u00bb et \u00ab donn\u00e9es sensibles \u00bb ont le sens d\u00e9fini par le R\u00e8glement G\u00e9n\u00e9ral sur la Protection des Donn\u00e9es (RGPD : n\u00b0 2016-679)<\/p>\n<p>&nbsp;<\/p>\n<h2>Pr\u00e9sentation du site internet.<\/h2>\n<p>&nbsp;<\/p>\n<p>En vertu de l&#8217;article 6 de la loi n\u00b0 2004-575 du 21 juin 2004 pour la confiance dans l&#8217;\u00e9conomie num\u00e9rique, il est pr\u00e9cis\u00e9 aux utilisateurs du site internet http:\/\/www.votre-chateau-de-famille.com\/ l&#8217;identit\u00e9 des diff\u00e9rents intervenants dans le cadre de sa r\u00e9alisation et de son suivi:<\/p>\n<p>Propri\u00e9taire : SARL VOTRE CHATEAU DE FAMILLE Capital social de 10000\u20ac Num\u00e9ro de TVA: FR 18 838947570 \u2013 14 rue Louis Icard 06110 LE CANNET<\/p>\n<p>Responsable publication : Catherine GASIGLIA \u2013 contact@votre-chateau-de-famille.com<\/p>\n<p>Le responsable publication est une personne physique ou une personne morale.<\/p>\n<p>Conception, graphisme, d\u00e9veloppement web et webmastering: Mathieu Cl\u00e9ment &#8211; contact@mathieuclement.fr<\/p>\n<p>H\u00e9bergeur : ovh \u2013 2 rue Kellermann 59100 Roubaix 1007<\/p>\n<p>D\u00e9l\u00e9gu\u00e9 \u00e0 la protection des donn\u00e9es : GASIGLIA Catherine \u2013 contact@votre-chateau-de-famille.com[\/vc_column_text][\/vc_column][\/vc_row]<\/p>\n<\/div>","protected":false},"excerpt":{"rendered":"<p>[vc_row css_animation=&#8221;&#8221; row_type=&#8221;row&#8221; use_row_as_full_screen_section=&#8221;no&#8221; type=&#8221;grid&#8221; angled_section=&#8221;no&#8221; text_align=&#8221;left&#8221; background_image_as_pattern=&#8221;without_pattern&#8221; padding_top=&#8221;50&#8243; padding_bottom=&#8221;50&#8243; z_index=&#8221;&#8221;][vc_column][vc_column_text]Client : tout professionnel ou personne physique capable au sens des articles 1123 et suivants du Code civil, ou personne morale, qui visite le Site objet des pr\u00e9sentes conditions g\u00e9n\u00e9rales. Prestations et Services : http:\/\/www.votre-chateau-de-famille.com\/&#8230;<\/p>\n","protected":false},"author":1,"featured_media":0,"parent":0,"menu_order":9,"comment_status":"closed","ping_status":"closed","template":"full_width.php","meta":{"_acf_changed":false,"footnotes":""},"class_list":["post-3088","page","type-page","status-publish","hentry"],"acf":[],"yoast_head":"<!-- This site is optimized with the Yoast SEO plugin v27.3 - https:\/\/yoast.com\/product\/yoast-seo-wordpress\/ -->\n<title>Legal notice Votre ch\u00e2teau de Famille<\/title>\n<meta name=\"description\" content=\"Votre Ch\u00e2teau de Famille. Legal notice.\" \/>\n<meta name=\"robots\" content=\"index, follow, max-snippet:-1, max-image-preview:large, max-video-preview:-1\" \/>\n<link rel=\"canonical\" href=\"https:\/\/www.votre-chateau-de-famille.com\/en\/mentions-legales-votre-chateau-de-famille\/\" \/>\n<meta property=\"og:locale\" content=\"en_US\" \/>\n<meta property=\"og:type\" content=\"article\" \/>\n<meta property=\"og:title\" content=\"Legal notice Votre ch\u00e2teau de Famille\" \/>\n<meta property=\"og:description\" content=\"Votre Ch\u00e2teau de Famille. Legal notice.\" \/>\n<meta property=\"og:url\" content=\"https:\/\/www.votre-chateau-de-famille.com\/en\/mentions-legales-votre-chateau-de-famille\/\" \/>\n<meta property=\"og:site_name\" content=\"Votre Chateau de Famille\" \/>\n<meta property=\"article:publisher\" content=\"https:\/\/www.facebook.com\/votrechateaudefamille\/\" \/>\n<meta property=\"article:modified_time\" content=\"2019-02-22T10:32:47+00:00\" \/>\n<meta name=\"twitter:card\" content=\"summary_large_image\" \/>\n<meta name=\"twitter:label1\" content=\"Est. reading time\" \/>\n\t<meta name=\"twitter:data1\" content=\"2 minutes\" \/>\n<script type=\"application\/ld+json\" class=\"yoast-schema-graph\">{\"@context\":\"https:\\\/\\\/schema.org\",\"@graph\":[{\"@type\":\"WebPage\",\"@id\":\"https:\\\/\\\/www.votre-chateau-de-famille.com\\\/en\\\/mentions-legales-votre-chateau-de-famille\\\/\",\"url\":\"https:\\\/\\\/www.votre-chateau-de-famille.com\\\/en\\\/mentions-legales-votre-chateau-de-famille\\\/\",\"name\":\"Legal notice Votre ch\u00e2teau de Famille\",\"isPartOf\":{\"@id\":\"https:\\\/\\\/www.votre-chateau-de-famille.com\\\/en\\\/#website\"},\"datePublished\":\"2018-06-29T13:24:14+00:00\",\"dateModified\":\"2019-02-22T10:32:47+00:00\",\"description\":\"Votre Ch\u00e2teau de Famille. Legal notice.\",\"breadcrumb\":{\"@id\":\"https:\\\/\\\/www.votre-chateau-de-famille.com\\\/en\\\/mentions-legales-votre-chateau-de-famille\\\/#breadcrumb\"},\"inLanguage\":\"en-US\",\"potentialAction\":[{\"@type\":\"ReadAction\",\"target\":[\"https:\\\/\\\/www.votre-chateau-de-famille.com\\\/en\\\/mentions-legales-votre-chateau-de-famille\\\/\"]}]},{\"@type\":\"BreadcrumbList\",\"@id\":\"https:\\\/\\\/www.votre-chateau-de-famille.com\\\/en\\\/mentions-legales-votre-chateau-de-famille\\\/#breadcrumb\",\"itemListElement\":[{\"@type\":\"ListItem\",\"position\":1,\"name\":\"Accueil\",\"item\":\"https:\\\/\\\/www.votre-chateau-de-famille.com\\\/en\\\/\"},{\"@type\":\"ListItem\",\"position\":2,\"name\":\"Legal notice Votre Chateau de Famille\"}]},{\"@type\":\"WebSite\",\"@id\":\"https:\\\/\\\/www.votre-chateau-de-famille.com\\\/en\\\/#website\",\"url\":\"https:\\\/\\\/www.votre-chateau-de-famille.com\\\/en\\\/\",\"name\":\"Votre Chateau de Famille\",\"description\":\"Location d&#039;un ch\u00e2teau rien que pour vous !\",\"publisher\":{\"@id\":\"https:\\\/\\\/www.votre-chateau-de-famille.com\\\/en\\\/#organization\"},\"potentialAction\":[{\"@type\":\"SearchAction\",\"target\":{\"@type\":\"EntryPoint\",\"urlTemplate\":\"https:\\\/\\\/www.votre-chateau-de-famille.com\\\/en\\\/?s={search_term_string}\"},\"query-input\":{\"@type\":\"PropertyValueSpecification\",\"valueRequired\":true,\"valueName\":\"search_term_string\"}}],\"inLanguage\":\"en-US\"},{\"@type\":\"Organization\",\"@id\":\"https:\\\/\\\/www.votre-chateau-de-famille.com\\\/en\\\/#organization\",\"name\":\"Votre Ch\u00e2teau de Famille\",\"url\":\"https:\\\/\\\/www.votre-chateau-de-famille.com\\\/en\\\/\",\"logo\":{\"@type\":\"ImageObject\",\"inLanguage\":\"en-US\",\"@id\":\"https:\\\/\\\/www.votre-chateau-de-famille.com\\\/en\\\/#\\\/schema\\\/logo\\\/image\\\/\",\"url\":\"https:\\\/\\\/www.votre-chateau-de-famille.com\\\/wp-content\\\/uploads\\\/2020\\\/03\\\/cropped-Logo-Final.png\",\"contentUrl\":\"https:\\\/\\\/www.votre-chateau-de-famille.com\\\/wp-content\\\/uploads\\\/2020\\\/03\\\/cropped-Logo-Final.png\",\"width\":512,\"height\":512,\"caption\":\"Votre Ch\u00e2teau de Famille\"},\"image\":{\"@id\":\"https:\\\/\\\/www.votre-chateau-de-famille.com\\\/en\\\/#\\\/schema\\\/logo\\\/image\\\/\"},\"sameAs\":[\"https:\\\/\\\/www.facebook.com\\\/votrechateaudefamille\\\/\",\"https:\\\/\\\/www.instagram.com\\\/votrechateaudefamille\\\/\",\"https:\\\/\\\/www.linkedin.com\\\/company\\\/votre-chateau-de-famille\\\/\"]}]}<\/script>\n<!-- \/ Yoast SEO plugin. -->","yoast_head_json":{"title":"Legal notice Votre ch\u00e2teau de Famille","description":"Votre Ch\u00e2teau de Famille. Legal notice.","robots":{"index":"index","follow":"follow","max-snippet":"max-snippet:-1","max-image-preview":"max-image-preview:large","max-video-preview":"max-video-preview:-1"},"canonical":"https:\/\/www.votre-chateau-de-famille.com\/en\/mentions-legales-votre-chateau-de-famille\/","og_locale":"en_US","og_type":"article","og_title":"Legal notice Votre ch\u00e2teau de Famille","og_description":"Votre Ch\u00e2teau de Famille. Legal notice.","og_url":"https:\/\/www.votre-chateau-de-famille.com\/en\/mentions-legales-votre-chateau-de-famille\/","og_site_name":"Votre Chateau de Famille","article_publisher":"https:\/\/www.facebook.com\/votrechateaudefamille\/","article_modified_time":"2019-02-22T10:32:47+00:00","twitter_card":"summary_large_image","twitter_misc":{"Est. reading time":"2 minutes"},"schema":{"@context":"https:\/\/schema.org","@graph":[{"@type":"WebPage","@id":"https:\/\/www.votre-chateau-de-famille.com\/en\/mentions-legales-votre-chateau-de-famille\/","url":"https:\/\/www.votre-chateau-de-famille.com\/en\/mentions-legales-votre-chateau-de-famille\/","name":"Legal notice Votre ch\u00e2teau de Famille","isPartOf":{"@id":"https:\/\/www.votre-chateau-de-famille.com\/en\/#website"},"datePublished":"2018-06-29T13:24:14+00:00","dateModified":"2019-02-22T10:32:47+00:00","description":"Votre Ch\u00e2teau de Famille. Legal notice.","breadcrumb":{"@id":"https:\/\/www.votre-chateau-de-famille.com\/en\/mentions-legales-votre-chateau-de-famille\/#breadcrumb"},"inLanguage":"en-US","potentialAction":[{"@type":"ReadAction","target":["https:\/\/www.votre-chateau-de-famille.com\/en\/mentions-legales-votre-chateau-de-famille\/"]}]},{"@type":"BreadcrumbList","@id":"https:\/\/www.votre-chateau-de-famille.com\/en\/mentions-legales-votre-chateau-de-famille\/#breadcrumb","itemListElement":[{"@type":"ListItem","position":1,"name":"Accueil","item":"https:\/\/www.votre-chateau-de-famille.com\/en\/"},{"@type":"ListItem","position":2,"name":"Legal notice Votre Chateau de Famille"}]},{"@type":"WebSite","@id":"https:\/\/www.votre-chateau-de-famille.com\/en\/#website","url":"https:\/\/www.votre-chateau-de-famille.com\/en\/","name":"Votre Chateau de Famille","description":"Location d&#039;un ch\u00e2teau rien que pour vous !","publisher":{"@id":"https:\/\/www.votre-chateau-de-famille.com\/en\/#organization"},"potentialAction":[{"@type":"SearchAction","target":{"@type":"EntryPoint","urlTemplate":"https:\/\/www.votre-chateau-de-famille.com\/en\/?s={search_term_string}"},"query-input":{"@type":"PropertyValueSpecification","valueRequired":true,"valueName":"search_term_string"}}],"inLanguage":"en-US"},{"@type":"Organization","@id":"https:\/\/www.votre-chateau-de-famille.com\/en\/#organization","name":"Votre Ch\u00e2teau de Famille","url":"https:\/\/www.votre-chateau-de-famille.com\/en\/","logo":{"@type":"ImageObject","inLanguage":"en-US","@id":"https:\/\/www.votre-chateau-de-famille.com\/en\/#\/schema\/logo\/image\/","url":"https:\/\/www.votre-chateau-de-famille.com\/wp-content\/uploads\/2020\/03\/cropped-Logo-Final.png","contentUrl":"https:\/\/www.votre-chateau-de-famille.com\/wp-content\/uploads\/2020\/03\/cropped-Logo-Final.png","width":512,"height":512,"caption":"Votre Ch\u00e2teau de Famille"},"image":{"@id":"https:\/\/www.votre-chateau-de-famille.com\/en\/#\/schema\/logo\/image\/"},"sameAs":["https:\/\/www.facebook.com\/votrechateaudefamille\/","https:\/\/www.instagram.com\/votrechateaudefamille\/","https:\/\/www.linkedin.com\/company\/votre-chateau-de-famille\/"]}]}},"_links":{"self":[{"href":"https:\/\/www.votre-chateau-de-famille.com\/en\/wp-json\/wp\/v2\/pages\/3088","targetHints":{"allow":["GET"]}}],"collection":[{"href":"https:\/\/www.votre-chateau-de-famille.com\/en\/wp-json\/wp\/v2\/pages"}],"about":[{"href":"https:\/\/www.votre-chateau-de-famille.com\/en\/wp-json\/wp\/v2\/types\/page"}],"author":[{"embeddable":true,"href":"https:\/\/www.votre-chateau-de-famille.com\/en\/wp-json\/wp\/v2\/users\/1"}],"replies":[{"embeddable":true,"href":"https:\/\/www.votre-chateau-de-famille.com\/en\/wp-json\/wp\/v2\/comments?post=3088"}],"version-history":[{"count":0,"href":"https:\/\/www.votre-chateau-de-famille.com\/en\/wp-json\/wp\/v2\/pages\/3088\/revisions"}],"wp:attachment":[{"href":"https:\/\/www.votre-chateau-de-famille.com\/en\/wp-json\/wp\/v2\/media?parent=3088"}],"curies":[{"name":"wp","href":"https:\/\/api.w.org\/{rel}","templated":true}]}}